{"id":1259,"date":"2022-02-07T22:33:53","date_gmt":"2022-02-07T21:33:53","guid":{"rendered":"https:\/\/etcsciencecommunication.com\/contact\/"},"modified":"2022-05-13T19:07:38","modified_gmt":"2022-05-13T18:07:38","slug":"contact","status":"publish","type":"page","link":"https:\/\/etcsciencecommunication.com\/fr\/contact\/","title":{"rendered":"Contact"},"content":{"rendered":"<div class=\"wpb-content-wrapper\"><p>[vc_row full_width=\u00a0\u00bbstretch_row\u00a0\u00bb css=\u00a0\u00bb.vc_custom_1652465092251{background-color: #f2f2f2 !important;}\u00a0\u00bb][vc_column][vc_column_text]<\/p>\n<h1 style=\"text-align: center;\">CONTACTEZ-NOUS<br \/>\nPour des questions ou des requ\u00eates. Nous sommes \u00e0 votre disposition<\/h1>\n\n<div class=\"wpcf7 no-js\" id=\"wpcf7-f4-o1\" lang=\"fr-FR\" dir=\"ltr\" data-wpcf7-id=\"4\">\n<div class=\"screen-reader-response\"><p role=\"status\" aria-live=\"polite\" aria-atomic=\"true\"><\/p> <ul><\/ul><\/div>\n<form action=\"\/fr\/wp-json\/wp\/v2\/pages\/1259#wpcf7-f4-o1\" method=\"post\" class=\"wpcf7-form init\" aria-label=\"Contact form\" enctype=\"multipart\/form-data\" novalidate=\"novalidate\" data-status=\"init\">\n<div style=\"display: none;\">\n<input type=\"hidden\" name=\"_wpcf7\" value=\"4\" \/>\n<input type=\"hidden\" name=\"_wpcf7_version\" value=\"6.0.6\" \/>\n<input type=\"hidden\" name=\"_wpcf7_locale\" value=\"fr_FR\" \/>\n<input type=\"hidden\" name=\"_wpcf7_unit_tag\" value=\"wpcf7-f4-o1\" \/>\n<input type=\"hidden\" name=\"_wpcf7_container_post\" value=\"0\" \/>\n<input type=\"hidden\" name=\"_wpcf7_posted_data_hash\" value=\"\" \/>\n<input type=\"hidden\" name=\"_wpcf7_recaptcha_response\" value=\"\" \/>\n<\/div>\n<p>Nom et pr\u00e9nom<span class=\"blue\">*<\/span> :\n<\/p>\n<p><span class=\"wpcf7-form-control-wrap\" data-name=\"full-name\"><input size=\"40\" maxlength=\"400\" class=\"wpcf7-form-control wpcf7-text wpcf7-validates-as-required\" id=\"name\" aria-required=\"true\" aria-invalid=\"false\" value=\"\" type=\"text\" name=\"full-name\" \/><\/span>\n<\/p>\n<p>Votre adresse email<span class=\"blue\">*<\/span> :\n<\/p>\n<p><span class=\"wpcf7-form-control-wrap\" data-name=\"email\"><input size=\"40\" maxlength=\"400\" class=\"wpcf7-form-control wpcf7-email wpcf7-validates-as-required wpcf7-text wpcf7-validates-as-email\" id=\"email\" aria-required=\"true\" aria-invalid=\"false\" value=\"\" type=\"email\" name=\"email\" \/><\/span>\n<\/p>\n<p>Institution :\n<\/p>\n<p><span class=\"wpcf7-form-control-wrap\" data-name=\"institution\"><input size=\"40\" maxlength=\"400\" class=\"wpcf7-form-control wpcf7-text\" id=\"institution\" aria-invalid=\"false\" value=\"\" type=\"text\" name=\"institution\" \/><\/span>\n<\/p>\n<p>Document :\n<\/p>\n<p><span class=\"wpcf7-form-control-wrap\" data-name=\"document\"><input size=\"40\" class=\"wpcf7-form-control wpcf7-file\" id=\"document\" accept=\".doc,.rtf,.pdf,.txt,.docx,.ppt,.pptx,.zip,.gz,.gzip\" aria-invalid=\"false\" type=\"file\" name=\"document\" \/><\/span>\n<\/p>\n<p>Votre message :\n<\/p>\n<p><span class=\"wpcf7-form-control-wrap\" data-name=\"message\"><textarea cols=\"40\" rows=\"10\" maxlength=\"2000\" class=\"wpcf7-form-control wpcf7-textarea\" id=\"message\" aria-invalid=\"false\" name=\"message\"><\/textarea><\/span>\n<\/p>\n<p><small><span class=\"blue\">*<\/span> champs obligatoires<\/small>\n<\/p>\n<p><input class=\"wpcf7-form-control wpcf7-submit has-spinner button radius\" type=\"submit\" value=\"Envoyer\" \/>\n<\/p><div class=\"wpcf7-response-output\" aria-hidden=\"true\"><\/div>\n<\/form>\n<\/div>\n\n<p>&nbsp;<\/p>\n<p>Si vous rencontrez des difficult\u00e9s en t\u00e9l\u00e9chargeant votre fichier, n&rsquo;h\u00e9sitez pas \u00e0 l&rsquo;envoyer par e-mail \u00e0 &#x65;&#109;i&#x6c;&#x79;&#64;E&#x54;&#x43;&#83;c&#x69;&#x65;&#110;c&#x65;&#x43;&#111;m&#x6d;&#117;&#110;i&#x63;&#97;t&#x69;&#x6f;&#110;&#46;&#x63;&#x6f;&#109;.[\/vc_column_text][\/vc_column][\/vc_row][vc_row full_width=\u00a0\u00bbstretch_row_content\u00a0\u00bb css=\u00a0\u00bb.vc_custom_1652465014987{background-color: #000000 !important;}\u00a0\u00bb][vc_column width=\u00a0\u00bb1\/3&Prime;][vc_single_image image=\u00a0\u00bb1507&Prime; alignment=\u00a0\u00bbcenter\u00a0\u00bb][\/vc_column][vc_column width=\u00a0\u00bb1\/3&Prime;][vc_column_text]<\/p>\n<h4><\/h4>\n<h4 style=\"text-align: center;\"><span style=\"color: #ffffff;\">NOUS<\/span><\/h4>\n<p style=\"text-align: center;\"><span style=\"color: #ffffff;\">Nous sommes une entreprise de traduction de textes <strong>scientifiques. <\/strong>Nous prenons soin des d\u00e9tails pour offrir un travail de la plus haute qualit\u00e9<\/span><\/p>\n<p>[\/vc_column_text][\/vc_column][vc_column width=\u00a0\u00bb1\/3&Prime;][vc_column_text]<\/p>\n<h4><\/h4>\n<h4 style=\"text-align: center;\"><span style=\"color: #ffffff;\">CONTACT<\/span><\/h4>\n<p style=\"text-align: center;\"><span style=\"color: #ffffff;\">e&#109;&#x69;&#x6c;y&#64;&#101;&#x74;&#x63;s&#99;&#105;&#x65;&#x6e;c&#101;&#x63;&#x6f;&#x6d;m&#117;&#x6e;&#x69;c&#97;&#116;&#x69;&#x6f;n&#46;&#99;&#x6f;&#x6d;<\/span><\/p>\n<p>[\/vc_column_text][\/vc_column][\/vc_row]<\/p>\n<\/div>","protected":false},"excerpt":{"rendered":"<p>[vc_row full_width=\u00a0\u00bbstretch_row\u00a0\u00bb css=\u00a0\u00bb.vc_custom_1652465092251{background-color: #f2f2f2 !important;}\u00a0\u00bb][vc_column][vc_column_text] CONTACTEZ-NOUS Pour des questions ou des requ\u00eates. Nous sommes \u00e0 votre disposition &nbsp; Si vous rencontrez des difficult\u00e9s en t\u00e9l\u00e9chargeant votre fichier, n&rsquo;h\u00e9sitez pas \u00e0 l&rsquo;envoyer par e-mail \u00e0 e&#109;&#105;&#x6c;&#x79;&#x40;E&#84;&#67;&#x53;&#x63;&#x69;en&#99;&#x65;&#x43;&#x6f;mm&#117;&#110;&#x69;&#x63;&#x61;t&#105;&#111;&#x6e;&#x2e;&#x63;o&#109;.[\/vc_column_text][\/vc_column][\/vc_row][vc_row full_width=\u00a0\u00bbstretch_row_content\u00a0\u00bb css=\u00a0\u00bb.vc_custom_1652465014987{background-color: #000000 !important;}\u00a0\u00bb][vc_column width=\u00a0\u00bb1\/3&Prime;][vc_single_image image=\u00a0\u00bb1507&Prime; alignment=\u00a0\u00bbcenter\u00a0\u00bb][\/vc_column][vc_column width=\u00a0\u00bb1\/3&Prime;][vc_column_text] NOUS Nous sommes une entreprise de traduction de textes scientifiques. Nous prenons &hellip; <\/p>\n<p class=\"link-more\"><a href=\"https:\/\/etcsciencecommunication.com\/fr\/contact\/\" class=\"more-link\">Continuer la lecture<span class=\"screen-reader-text\"> de &laquo;&nbsp;Contact&nbsp;&raquo;<\/span><\/a><\/p>\n","protected":false},"author":2,"featured_media":0,"parent":0,"menu_order":0,"comment_status":"closed","ping_status":"closed","template":"","meta":{"footnotes":""},"class_list":["post-1259","page","type-page","status-publish","hentry"],"yoast_head":"<!-- This site is optimized with the Yoast SEO plugin v26.9 - https:\/\/yoast.com\/product\/yoast-seo-wordpress\/ -->\n<title>Contact - ETC Science Communication<\/title>\n<meta name=\"robots\" content=\"noindex, nofollow\" \/>\n<meta property=\"og:locale\" content=\"fr_FR\" \/>\n<meta property=\"og:type\" content=\"article\" \/>\n<meta property=\"og:title\" content=\"Contact - ETC Science Communication\" \/>\n<meta property=\"og:description\" content=\"[vc_row full_width=\u00a0\u00bbstretch_row\u00a0\u00bb css=\u00a0\u00bb.vc_custom_1652465092251{background-color: #f2f2f2 !important;}\u00a0\u00bb][vc_column][vc_column_text] CONTACTEZ-NOUS Pour des questions ou des requ\u00eates. Nous sommes \u00e0 votre disposition &nbsp; Si vous rencontrez des difficult\u00e9s en t\u00e9l\u00e9chargeant votre fichier, n&rsquo;h\u00e9sitez pas \u00e0 l&rsquo;envoyer par e-mail \u00e0 &#x65;&#x6d;&#105;ly&#x40;&#x45;&#084;&#067;S&#x63;&#x69;&#101;&#110;c&#x65;&#x43;&#x6f;&#109;mu&#x6e;&#x69;&#099;&#097;t&#x69;&#x6f;&#110;&#046;c&#x6f;&#x6d;.[\/vc_column_text][\/vc_column][\/vc_row][vc_row full_width=\u00a0\u00bbstretch_row_content\u00a0\u00bb css=\u00a0\u00bb.vc_custom_1652465014987{background-color: #000000 !important;}\u00a0\u00bb][vc_column width=\u00a0\u00bb1\/3&Prime;][vc_single_image image=\u00a0\u00bb1507&Prime; alignment=\u00a0\u00bbcenter\u00a0\u00bb][\/vc_column][vc_column width=\u00a0\u00bb1\/3&Prime;][vc_column_text] NOUS Nous sommes une entreprise de traduction de textes scientifiques. Nous prenons &hellip; Continuer la lecture de &laquo;&nbsp;Contact&nbsp;&raquo;\" \/>\n<meta property=\"og:url\" content=\"https:\/\/etcsciencecommunication.com\/fr\/contact\/\" \/>\n<meta property=\"og:site_name\" content=\"ETC Science Communication\" \/>\n<meta property=\"article:modified_time\" content=\"2022-05-13T18:07:38+00:00\" \/>\n<meta name=\"twitter:card\" content=\"summary_large_image\" \/>\n<meta name=\"twitter:label1\" content=\"Dur\u00e9e de lecture estim\u00e9e\" \/>\n\t<meta name=\"twitter:data1\" content=\"1 minute\" \/>\n<script type=\"application\/ld+json\" class=\"yoast-schema-graph\">{\"@context\":\"https:\/\/schema.org\",\"@graph\":[{\"@type\":\"WebPage\",\"@id\":\"https:\/\/etcsciencecommunication.com\/fr\/contact\/\",\"url\":\"https:\/\/etcsciencecommunication.com\/fr\/contact\/\",\"name\":\"Contact - ETC Science Communication\",\"isPartOf\":{\"@id\":\"https:\/\/etcsciencecommunication.com\/es\/#website\"},\"datePublished\":\"2022-02-07T21:33:53+00:00\",\"dateModified\":\"2022-05-13T18:07:38+00:00\",\"breadcrumb\":{\"@id\":\"https:\/\/etcsciencecommunication.com\/fr\/contact\/#breadcrumb\"},\"inLanguage\":\"fr-FR\",\"potentialAction\":[{\"@type\":\"ReadAction\",\"target\":[\"https:\/\/etcsciencecommunication.com\/fr\/contact\/\"]}]},{\"@type\":\"BreadcrumbList\",\"@id\":\"https:\/\/etcsciencecommunication.com\/fr\/contact\/#breadcrumb\",\"itemListElement\":[{\"@type\":\"ListItem\",\"position\":1,\"name\":\"Accueil\",\"item\":\"https:\/\/etcsciencecommunication.com\/fr\/\"},{\"@type\":\"ListItem\",\"position\":2,\"name\":\"Contact\"}]},{\"@type\":\"WebSite\",\"@id\":\"https:\/\/etcsciencecommunication.com\/es\/#website\",\"url\":\"https:\/\/etcsciencecommunication.com\/es\/\",\"name\":\"ETC Science Communication\",\"description\":\"Freelance scientific writing, editing, and translation\",\"publisher\":{\"@id\":\"https:\/\/etcsciencecommunication.com\/es\/#organization\"},\"potentialAction\":[{\"@type\":\"SearchAction\",\"target\":{\"@type\":\"EntryPoint\",\"urlTemplate\":\"https:\/\/etcsciencecommunication.com\/es\/?s={search_term_string}\"},\"query-input\":{\"@type\":\"PropertyValueSpecification\",\"valueRequired\":true,\"valueName\":\"search_term_string\"}}],\"inLanguage\":\"fr-FR\"},{\"@type\":\"Organization\",\"@id\":\"https:\/\/etcsciencecommunication.com\/es\/#organization\",\"name\":\"ETC Science Communication\",\"url\":\"https:\/\/etcsciencecommunication.com\/es\/\",\"logo\":{\"@type\":\"ImageObject\",\"inLanguage\":\"fr-FR\",\"@id\":\"https:\/\/etcsciencecommunication.com\/es\/#\/schema\/logo\/image\/\",\"url\":\"https:\/\/etcsciencecommunication.com\/wp-content\/uploads\/2020\/04\/logo-etc.png\",\"contentUrl\":\"https:\/\/etcsciencecommunication.com\/wp-content\/uploads\/2020\/04\/logo-etc.png\",\"width\":412,\"height\":24,\"caption\":\"ETC Science Communication\"},\"image\":{\"@id\":\"https:\/\/etcsciencecommunication.com\/es\/#\/schema\/logo\/image\/\"}}]}<\/script>\n<!-- \/ Yoast SEO plugin. -->","yoast_head_json":{"title":"Contact - ETC Science Communication","robots":{"index":"noindex","follow":"nofollow"},"og_locale":"fr_FR","og_type":"article","og_title":"Contact - ETC Science Communication","og_description":"[vc_row full_width=\u00a0\u00bbstretch_row\u00a0\u00bb css=\u00a0\u00bb.vc_custom_1652465092251{background-color: #f2f2f2 !important;}\u00a0\u00bb][vc_column][vc_column_text] CONTACTEZ-NOUS Pour des questions ou des requ\u00eates. Nous sommes \u00e0 votre disposition &nbsp; Si vous rencontrez des difficult\u00e9s en t\u00e9l\u00e9chargeant votre fichier, n&rsquo;h\u00e9sitez pas \u00e0 l&rsquo;envoyer par e-mail \u00e0 &#x65;&#x6d;&#105;ly&#x40;&#x45;&#84;&#67;S&#x63;&#x69;&#101;&#110;c&#x65;&#x43;&#x6f;&#109;mu&#x6e;&#x69;&#99;&#97;t&#x69;&#x6f;&#110;&#46;c&#x6f;&#x6d;.[\/vc_column_text][\/vc_column][\/vc_row][vc_row full_width=\u00a0\u00bbstretch_row_content\u00a0\u00bb css=\u00a0\u00bb.vc_custom_1652465014987{background-color: #000000 !important;}\u00a0\u00bb][vc_column width=\u00a0\u00bb1\/3&Prime;][vc_single_image image=\u00a0\u00bb1507&Prime; alignment=\u00a0\u00bbcenter\u00a0\u00bb][\/vc_column][vc_column width=\u00a0\u00bb1\/3&Prime;][vc_column_text] NOUS Nous sommes une entreprise de traduction de textes scientifiques. Nous prenons &hellip; Continuer la lecture de &laquo;&nbsp;Contact&nbsp;&raquo;","og_url":"https:\/\/etcsciencecommunication.com\/fr\/contact\/","og_site_name":"ETC Science Communication","article_modified_time":"2022-05-13T18:07:38+00:00","twitter_card":"summary_large_image","twitter_misc":{"Dur\u00e9e de lecture estim\u00e9e":"1 minute"},"schema":{"@context":"https:\/\/schema.org","@graph":[{"@type":"WebPage","@id":"https:\/\/etcsciencecommunication.com\/fr\/contact\/","url":"https:\/\/etcsciencecommunication.com\/fr\/contact\/","name":"Contact - ETC Science Communication","isPartOf":{"@id":"https:\/\/etcsciencecommunication.com\/es\/#website"},"datePublished":"2022-02-07T21:33:53+00:00","dateModified":"2022-05-13T18:07:38+00:00","breadcrumb":{"@id":"https:\/\/etcsciencecommunication.com\/fr\/contact\/#breadcrumb"},"inLanguage":"fr-FR","potentialAction":[{"@type":"ReadAction","target":["https:\/\/etcsciencecommunication.com\/fr\/contact\/"]}]},{"@type":"BreadcrumbList","@id":"https:\/\/etcsciencecommunication.com\/fr\/contact\/#breadcrumb","itemListElement":[{"@type":"ListItem","position":1,"name":"Accueil","item":"https:\/\/etcsciencecommunication.com\/fr\/"},{"@type":"ListItem","position":2,"name":"Contact"}]},{"@type":"WebSite","@id":"https:\/\/etcsciencecommunication.com\/es\/#website","url":"https:\/\/etcsciencecommunication.com\/es\/","name":"ETC Science Communication","description":"Freelance scientific writing, editing, and translation","publisher":{"@id":"https:\/\/etcsciencecommunication.com\/es\/#organization"},"potentialAction":[{"@type":"SearchAction","target":{"@type":"EntryPoint","urlTemplate":"https:\/\/etcsciencecommunication.com\/es\/?s={search_term_string}"},"query-input":{"@type":"PropertyValueSpecification","valueRequired":true,"valueName":"search_term_string"}}],"inLanguage":"fr-FR"},{"@type":"Organization","@id":"https:\/\/etcsciencecommunication.com\/es\/#organization","name":"ETC Science Communication","url":"https:\/\/etcsciencecommunication.com\/es\/","logo":{"@type":"ImageObject","inLanguage":"fr-FR","@id":"https:\/\/etcsciencecommunication.com\/es\/#\/schema\/logo\/image\/","url":"https:\/\/etcsciencecommunication.com\/wp-content\/uploads\/2020\/04\/logo-etc.png","contentUrl":"https:\/\/etcsciencecommunication.com\/wp-content\/uploads\/2020\/04\/logo-etc.png","width":412,"height":24,"caption":"ETC Science Communication"},"image":{"@id":"https:\/\/etcsciencecommunication.com\/es\/#\/schema\/logo\/image\/"}}]}},"wps_subtitle":"","_links":{"self":[{"href":"https:\/\/etcsciencecommunication.com\/fr\/wp-json\/wp\/v2\/pages\/1259","targetHints":{"allow":["GET"]}}],"collection":[{"href":"https:\/\/etcsciencecommunication.com\/fr\/wp-json\/wp\/v2\/pages"}],"about":[{"href":"https:\/\/etcsciencecommunication.com\/fr\/wp-json\/wp\/v2\/types\/page"}],"author":[{"embeddable":true,"href":"https:\/\/etcsciencecommunication.com\/fr\/wp-json\/wp\/v2\/users\/2"}],"replies":[{"embeddable":true,"href":"https:\/\/etcsciencecommunication.com\/fr\/wp-json\/wp\/v2\/comments?post=1259"}],"version-history":[{"count":8,"href":"https:\/\/etcsciencecommunication.com\/fr\/wp-json\/wp\/v2\/pages\/1259\/revisions"}],"predecessor-version":[{"id":2157,"href":"https:\/\/etcsciencecommunication.com\/fr\/wp-json\/wp\/v2\/pages\/1259\/revisions\/2157"}],"wp:attachment":[{"href":"https:\/\/etcsciencecommunication.com\/fr\/wp-json\/wp\/v2\/media?parent=1259"}],"curies":[{"name":"wp","href":"https:\/\/api.w.org\/{rel}","templated":true}]}}