{"id":2037,"date":"2022-05-12T08:18:33","date_gmt":"2022-05-12T07:18:33","guid":{"rendered":"https:\/\/etcsciencecommunication.com\/traduction-darticles-scientifiques\/"},"modified":"2022-05-18T20:17:40","modified_gmt":"2022-05-18T19:17:40","slug":"traduction-darticles-scientifiques","status":"publish","type":"page","link":"https:\/\/etcsciencecommunication.com\/fr\/traduction-darticles-scientifiques\/","title":{"rendered":"Traduction d&rsquo;articles scientifiques"},"content":{"rendered":"<div class=\"wpb-content-wrapper\"><p>[vc_row][vc_column][vc_single_image image=\u00a0\u00bb1788&Prime; img_size=\u00a0\u00bbfull\u00a0\u00bb alignment=\u00a0\u00bbcenter\u00a0\u00bb][vc_column_text]<\/p>\n<p style=\"text-align: center;\">Vous travaillez dans la recherche scientifique, le secteur de la sant\u00e9, l&rsquo;industrie pharmaceutique ou un autre secteur similaire et avez besoin d&rsquo;un <strong>service de traduction d&rsquo;articles scientifiques<\/strong> sp\u00e9cialis\u00e9 dans les traductions scientifiques?<\/p>\n<p>[\/vc_column_text][vc_column_text]<\/p>\n<p style=\"text-align: center;\">Une mauvaise traduction ou une r\u00e9vision mal ex\u00e9cut\u00e9e d&rsquo;un texte m\u00e9dical\/scientifique peut mettre en danger des mois ou des ann\u00e9es de travail sur une \u00e9tude par ralentir le procesus de publication ou parvenir \u00e0 un rejet par une revue scientiique.<\/p>\n<p>[\/vc_column_text][vc_column_text]<\/p>\n<p style=\"text-align: center;\">De m\u00eame, la mauvaise qualit\u00e9 d&rsquo;une traduction scientifique peut affecter l&rsquo;interpretation des r\u00e9sultats de votre \u00e9tude.<\/p>\n<p>[\/vc_column_text][\/vc_column][\/vc_row][vc_row full_width=\u00a0\u00bbstretch_row\u00a0\u00bb css=\u00a0\u00bb.vc_custom_1651510664157{background-color: #ff9800 !important;}\u00a0\u00bb][vc_column][vc_custom_heading text=\u00a0\u00bbService de traduction de textes scientifiques\u00a0\u00bb font_container=\u00a0\u00bbtag:h2|font_size:26|text_align:center|color:%23000000&Prime; use_theme_fonts=\u00a0\u00bbyes\u00a0\u00bb][vc_column_text]<\/p>\n<p style=\"text-align: center;\">Nous sommes une entreprise de traduction d&rsquo;articles scientifiques qui offre <strong>des services de traduction du fran\u00e7ais vers l&rsquo;anglais et de l&rsquo;espagnol vers l&rsquo;anglais.<\/strong><\/p>\n<p>[\/vc_column_text][\/vc_column][\/vc_row][vc_row][vc_column width=\u00a0\u00bb1\/2&Prime;][vc_column_text]Chez ETC Science Communication, nous nous effor\u00e7ons d&rsquo;assurer un service de traduction irr\u00e9prochable et de haute qualit\u00e9, r\u00e9alis\u00e9 par une traductrice qui poss\u00e8de une vaste exp\u00e9rience et connaissance du secteur clinique\/scientifique et du secteur de l&rsquo;\u00e9dition.[\/vc_column_text][vc_column_text]Nos services de traduction scientifique et de traduction m\u00e9dicale comprennent tous les textes du domaine scientifique qui n\u00e9cessitent une traduction technique vers l&rsquo;anglais. Essais cliniques, articles scientifiques, publications de l&rsquo;industrie pharmaceutique, directives ou protocoles hospitaliers, et bien plus encore.[\/vc_column_text][vc_column_text]Nous nous sommes sp\u00e9cialis\u00e9s en tant que traducteur anglais scientifique, car l&rsquo;anglais est la langue commune de la communaut\u00e9 scientifique.[\/vc_column_text][\/vc_column][vc_column width=\u00a0\u00bb1\/2&Prime;][vc_single_image image=\u00a0\u00bb1839&Prime; img_size=\u00a0\u00bbfull\u00a0\u00bb][\/vc_column][\/vc_row][vc_row full_width=\u00a0\u00bbstretch_row\u00a0\u00bb css=\u00a0\u00bb.vc_custom_1651567833201{background-color: #f2f2f2 !important;}\u00a0\u00bb][vc_column][vc_text_separator title=\u00a0\u00bbQue comprend notre service de traduction d&rsquo;articles scientifiques?\u00a0\u00bb color=\u00a0\u00bbblack\u00a0\u00bb][vc_column_text]<\/p>\n<ul>\n<li>Nos services de traduction de textes scientifiques comprennent tous les textes du domaine m\u00e9dical\/scientifique qui n\u00e9cessitent une traduction technique vers l&rsquo;anglais. Essais cliniques, articles scientifiques, publications de l&rsquo;industrie pharmaceutique, directives ou protocoles hospitaliers, et bien plus encore.<\/li>\n<li>Nous offrons un service tr\u00e8s personnel avec une communication directe avec le traducteur, dans le but d&rsquo;obtenir un r\u00e9sultat optimal pour nos clients dans leurs traductions scientifiques.<\/li>\n<\/ul>\n<p>[\/vc_column_text][vc_text_separator title=\u00a0\u00bbCe qui n&rsquo;est PAS inclus dans notre service de traduction d&rsquo;articles scientifiques\u00a0\u00bb color=\u00a0\u00bbblack\u00a0\u00bb][vc_column_text]<\/p>\n<ul>\n<li>Nous n&rsquo;effectuons pas de traductions scientifiques vers l&rsquo;anglais \u00e0 partir de langues autres que l&rsquo;espagnol ou le fran\u00e7ais.<\/li>\n<li>Nous ne proposons pas de certificats de traduction.<\/li>\n<\/ul>\n<p>[\/vc_column_text][\/vc_column][\/vc_row][vc_row][vc_column][vc_single_image image=\u00a0\u00bb1877&Prime; img_size=\u00a0\u00bbfull\u00a0\u00bb alignment=\u00a0\u00bbcenter\u00a0\u00bb][vc_custom_heading text=\u00a0\u00bbVous souhaitez tester la qualit\u00e9 de notre travail avec une essai de traduction gratuit?\u00a0\u00bb font_container=\u00a0\u00bbtag:h4|font_size:24|text_align:center|color:%23000000&Prime; use_theme_fonts=\u00a0\u00bbyes\u00a0\u00bb][vc_column_text]<\/p>\n<p style=\"text-align: center;\">Nous comprenons qu&rsquo;il est pr\u00e9f\u00e9rable de tester la qualit\u00e9 d&rsquo;un service avant de prendre la d\u00e9cision de l&rsquo;engager. Pour cette raison, nous proposons une <strong>traduction gratuite<\/strong> de textes scientifiques et techniques <strong>jusqu&rsquo;\u00e0 250 mots<\/strong>.<\/p>\n<p>[\/vc_column_text][\/vc_column][\/vc_row][vc_row full_width=\u00a0\u00bbstretch_row\u00a0\u00bb css=\u00a0\u00bb.vc_custom_1651511228060{background-color: #ff9800 !important;}\u00a0\u00bb][vc_column][vc_custom_heading text=\u00a0\u00bbDEMANDEZ VOTRE ESSAI GRATUIT ICI\u00a0\u00bb font_container=\u00a0\u00bbtag:h4|font_size:24|text_align:center|color:%23000000&Prime; use_theme_fonts=\u00a0\u00bbyes\u00a0\u00bb]\n<div class=\"wpcf7 no-js\" id=\"wpcf7-f1387-o1\" lang=\"fr-FR\" dir=\"ltr\" data-wpcf7-id=\"1387\">\n<div class=\"screen-reader-response\"><p role=\"status\" aria-live=\"polite\" aria-atomic=\"true\"><\/p> <ul><\/ul><\/div>\n<form action=\"\/fr\/wp-json\/wp\/v2\/pages\/2037#wpcf7-f1387-o1\" method=\"post\" class=\"wpcf7-form init\" aria-label=\"Contact form\" enctype=\"multipart\/form-data\" novalidate=\"novalidate\" data-status=\"init\">\n<div style=\"display: none;\">\n<input type=\"hidden\" name=\"_wpcf7\" value=\"1387\" \/>\n<input type=\"hidden\" name=\"_wpcf7_version\" value=\"6.0.6\" \/>\n<input type=\"hidden\" name=\"_wpcf7_locale\" value=\"fr_FR\" \/>\n<input type=\"hidden\" name=\"_wpcf7_unit_tag\" value=\"wpcf7-f1387-o1\" \/>\n<input type=\"hidden\" name=\"_wpcf7_container_post\" value=\"0\" \/>\n<input type=\"hidden\" name=\"_wpcf7_posted_data_hash\" value=\"\" \/>\n<input type=\"hidden\" name=\"_wpcf7_recaptcha_response\" value=\"\" \/>\n<\/div>\n<p>Nombre y apellido<span class=\"blue\">*<\/span>:\n<\/p>\n<p><span class=\"wpcf7-form-control-wrap\" data-name=\"full-name\"><input size=\"40\" maxlength=\"400\" class=\"wpcf7-form-control wpcf7-text wpcf7-validates-as-required\" id=\"name\" aria-required=\"true\" aria-invalid=\"false\" value=\"\" type=\"text\" name=\"full-name\" \/><\/span>\n<\/p>\n<p>Direcci\u00f3n de correo electr\u00f3nico<span class=\"blue\">*<\/span>:\n<\/p>\n<p><span class=\"wpcf7-form-control-wrap\" data-name=\"email\"><input size=\"40\" maxlength=\"400\" class=\"wpcf7-form-control wpcf7-email wpcf7-validates-as-required wpcf7-text wpcf7-validates-as-email\" id=\"email\" aria-required=\"true\" aria-invalid=\"false\" value=\"\" type=\"email\" name=\"email\" \/><\/span>\n<\/p>\n<p>Instituci\u00f3n:\n<\/p>\n<p><span class=\"wpcf7-form-control-wrap\" data-name=\"institution\"><input size=\"40\" maxlength=\"400\" class=\"wpcf7-form-control wpcf7-text\" id=\"institution\" aria-invalid=\"false\" value=\"\" type=\"text\" name=\"institution\" \/><\/span>\n<\/p>\n<p>Documento:\n<\/p>\n<p><span class=\"wpcf7-form-control-wrap\" data-name=\"document\"><input size=\"40\" class=\"wpcf7-form-control wpcf7-file\" id=\"document\" accept=\".doc,.rtf,.pdf,.txt,.docx,.ppt,.pptx,.zip,.gz,.gzip\" aria-invalid=\"false\" type=\"file\" name=\"document\" \/><\/span>\n<\/p>\n<p>Su mensaje:\n<\/p>\n<p><span class=\"wpcf7-form-control-wrap\" data-name=\"message\"><textarea cols=\"40\" rows=\"10\" maxlength=\"2000\" class=\"wpcf7-form-control wpcf7-textarea\" id=\"message\" aria-invalid=\"false\" name=\"message\"><\/textarea><\/span>\n<\/p>\n<p><small><span class=\"blue\">*<\/span> campos obligatorios<\/small>\n<\/p>\n<p><input class=\"wpcf7-form-control wpcf7-submit has-spinner button radius\" type=\"submit\" value=\"Enviar\" \/>\n<\/p><div class=\"wpcf7-response-output\" aria-hidden=\"true\"><\/div>\n<\/form>\n<\/div>\n[\/vc_column][\/vc_row][vc_row][vc_column][vc_custom_heading text=\u00a0\u00bbA qui s&rsquo;adresse notre service de traduction de textes scientifiques?\u00a0\u00bb font_container=\u00a0\u00bbtag:h2|font_size:24|text_align:center|color:%23000000&Prime; use_theme_fonts=\u00a0\u00bbyes\u00a0\u00bb][\/vc_column][\/vc_row][vc_row full_width=\u00a0\u00bbstretch_row\u00a0\u00bb css=\u00a0\u00bb.vc_custom_1651513942921{background-color: #f2f2f2 !important;}\u00a0\u00bb][vc_column width=\u00a0\u00bb1\/3&Prime;][vc_custom_heading text=\u00a0\u00bbCommunaut\u00e9 scientifique\u00a0\u00bb font_container=\u00a0\u00bbtag:h4|text_align:center\u00a0\u00bb use_theme_fonts=\u00a0\u00bbyes\u00a0\u00bb][vc_single_image image=\u00a0\u00bb1852&Prime; alignment=\u00a0\u00bbcenter\u00a0\u00bb][vc_column_text]<\/p>\n<p style=\"text-align: center;\">Communaut\u00e9 scientifique\/chercheurs qui ont besoin d&rsquo;un traducteur de textes scientifiques et qui souhaitent acc\u00e9l\u00e9rer la publication de leurs travaux et am\u00e9liorer la probabilit\u00e9 de publier leur \u00e9tude ou article scientifique dans une revue prestigieuse.<\/p>\n<p>[\/vc_column_text][\/vc_column][vc_column width=\u00a0\u00bb1\/3&Prime;][vc_custom_heading text=\u00a0\u00bbCommunaut\u00e9 m\u00e9dicale\u00a0\u00bb font_container=\u00a0\u00bbtag:h4|text_align:center\u00a0\u00bb use_theme_fonts=\u00a0\u00bbyes\u00a0\u00bb][vc_single_image image=\u00a0\u00bb1849&Prime; alignment=\u00a0\u00bbcenter\u00a0\u00bb][vc_column_text]<\/p>\n<p style=\"text-align: center;\">Service de traduction d&rsquo;articles scientifiques d&rsquo;\u00e9tudes cliniques, de publications locales, de protocoles hospitaliers. Toute traduction m\u00e9dicale dont vous avez besoin pour publier dans des revues sp\u00e9cialis\u00e9es.<\/p>\n<p>[\/vc_column_text][\/vc_column][vc_column width=\u00a0\u00bb1\/3&Prime;][vc_custom_heading text=\u00a0\u00bbAutres\u00a0\u00bb font_container=\u00a0\u00bbtag:h4|text_align:center\u00a0\u00bb use_theme_fonts=\u00a0\u00bbyes\u00a0\u00bb][vc_single_image image=\u00a0\u00bb1855&Prime; alignment=\u00a0\u00bbcenter\u00a0\u00bb][vc_column_text]<\/p>\n<p style=\"text-align: center;\">Toute autre institution qui effectue des travaux scientifiques et qui n\u00e9cessite une traduction d&rsquo;articles scientifiques vers l&rsquo;anglais depuis le fran\u00e7ais ou l&rsquo;espagnol pour des publications dans des revues scientifiques.<\/p>\n<p>[\/vc_column_text][\/vc_column][\/vc_row][vc_row][vc_column][vc_custom_heading text=\u00a0\u00bbComment faire appel \u00e0 notre service de traduction pour les textes scientifiques\u00a0\u00bb font_container=\u00a0\u00bbtag:h2|font_size:22|text_align:center|color:%23000000&Prime; use_theme_fonts=\u00a0\u00bbyes\u00a0\u00bb][vc_column_text]<\/p>\n<p style=\"text-align: center;\">Vous pouvez faire appel \u00e0 notre service de traduction d&rsquo;articles scientifiques sp\u00e9cialis\u00e9 en anglais en nous contactant <strong>par e-mail<\/strong> \u00e0 : <strong>&#101;&#x6d;&#105;&#x6c;&#121;&#x40;&#101;&#x74;&#99;&#x73;&#99;&#x69;e&#x6e;c&#x65;c&#x6f;m&#x6d;u&#x6e;i&#99;&#x61;&#116;&#x69;&#111;&#x6e;&#46;&#x63;&#111;&#x6d;<\/strong> ou en remplissant <a href=\"https:\/\/etcsciencecommunication.com\/es\/contacto\/\" target=\"_blank\" rel=\"noopener\">notre formulaire de contact<\/a>.<\/p>\n<p>[\/vc_column_text][vc_column_text]<\/p>\n<p style=\"text-align: center;\">Nous disposons \u00e9galement d&rsquo;<strong><a href=\"https:\/\/etcsciencecommunication.com\/es\/revision-de-articulos-cientificos\/\" target=\"_blank\" rel=\"noopener\">un service de r\u00e9vision<\/a><\/strong> de vos publications scientifiques.<\/p>\n<p>[\/vc_column_text][\/vc_column][\/vc_row][vc_row full_width=\u00a0\u00bbstretch_row\u00a0\u00bb css=\u00a0\u00bb.vc_custom_1651514547754{background-color: #ff9800 !important;}\u00a0\u00bb][vc_column width=\u00a0\u00bb1\/2&Prime;][vc_column_text]<\/p>\n<p style=\"text-align: right;\"><strong>JE VEUX PLUS D&rsquo;INFORMATIONS<\/strong><\/p>\n<p style=\"text-align: right;\">Nous vous r\u00e9pondrons dans les plus brefs d\u00e9lais<\/p>\n<p>[\/vc_column_text][\/vc_column][vc_column width=\u00a0\u00bb1\/2&Prime;][vc_btn title=\u00a0\u00bbCONTACTEZ-NOUS\u00a0\u00bb color=\u00a0\u00bbblack\u00a0\u00bb size=\u00a0\u00bblg\u00a0\u00bb][\/vc_column][\/vc_row][vc_row full_width=\u00a0\u00bbstretch_row_content\u00a0\u00bb css=\u00a0\u00bb.vc_custom_1652089852947{background-color: #000000 !important;}\u00a0\u00bb][vc_column width=\u00a0\u00bb1\/3&Prime;][vc_single_image image=\u00a0\u00bb1507&Prime; alignment=\u00a0\u00bbcenter\u00a0\u00bb][\/vc_column][vc_column width=\u00a0\u00bb1\/3&Prime;][vc_column_text]<\/p>\n<h4><\/h4>\n<h4 style=\"text-align: center;\"><span style=\"color: #ffffff;\">\u00c0 PROPOS<\/span><\/h4>\n<p style=\"text-align: center;\"><span style=\"color: #ffffff;\">Nous sommes une <strong>entreprise de traduction de textes scientifiques.<\/strong> Nous prenons soin des d\u00e9tails pour offrir un travail de la <strong>plus haute qualit\u00e9.<\/strong><\/span><\/p>\n<p>[\/vc_column_text][\/vc_column][vc_column width=\u00a0\u00bb1\/3&Prime;][vc_column_text]<\/p>\n<h4><\/h4>\n<h4 style=\"text-align: center;\"><span style=\"color: #ffffff;\">CONTACT<\/span><\/h4>\n<p style=\"text-align: center;\"><span style=\"color: #ffffff;\">emily&#64;etcsciencecommunic&#97;&#116;&#105;&#111;&#110;&#46;&#99;&#111;&#109;<\/span><\/p>\n<p>[\/vc_column_text][\/vc_column][\/vc_row]<\/p>\n<\/div>","protected":false},"excerpt":{"rendered":"<p>[vc_row][vc_column][vc_single_image image=\u00a0\u00bb1788&Prime; img_size=\u00a0\u00bbfull\u00a0\u00bb alignment=\u00a0\u00bbcenter\u00a0\u00bb][vc_column_text] Vous travaillez dans la recherche scientifique, le secteur de la sant\u00e9, l&rsquo;industrie pharmaceutique ou un autre secteur similaire et avez besoin d&rsquo;un service de traduction d&rsquo;articles scientifiques sp\u00e9cialis\u00e9 dans les traductions scientifiques? [\/vc_column_text][vc_column_text] Une mauvaise traduction ou une r\u00e9vision mal ex\u00e9cut\u00e9e d&rsquo;un texte m\u00e9dical\/scientifique peut mettre en danger des mois ou &hellip; <\/p>\n<p class=\"link-more\"><a href=\"https:\/\/etcsciencecommunication.com\/fr\/traduction-darticles-scientifiques\/\" class=\"more-link\">Continuer la lecture<span class=\"screen-reader-text\"> de &laquo;&nbsp;Traduction d&rsquo;articles scientifiques&nbsp;&raquo;<\/span><\/a><\/p>\n","protected":false},"author":6,"featured_media":0,"parent":0,"menu_order":0,"comment_status":"closed","ping_status":"closed","template":"","meta":{"footnotes":""},"class_list":["post-2037","page","type-page","status-publish","hentry"],"yoast_head":"<!-- This site is optimized with the Yoast SEO plugin v26.9 - https:\/\/yoast.com\/product\/yoast-seo-wordpress\/ -->\n<title>Traduction d&#039;articles scientifiques | ETC SCIENCES Communication<\/title>\n<meta name=\"description\" content=\"D\u00e9couvrez notre service de traduction d&#039;articles scientifiques sp\u00e9cialis\u00e9s dans le domaine m\u00e9dico-scientifique. Qualit\u00e9 garantie.\" \/>\n<meta name=\"robots\" content=\"index, follow, max-snippet:-1, max-image-preview:large, max-video-preview:-1\" \/>\n<link rel=\"canonical\" href=\"https:\/\/etcsciencecommunication.com\/traduccion-de-articulos-cientificos\/\" \/>\n<meta property=\"og:locale\" content=\"fr_FR\" \/>\n<meta property=\"og:type\" content=\"article\" \/>\n<meta property=\"og:title\" content=\"Traduction d&#039;articles scientifiques | ETC SCIENCES Communication\" \/>\n<meta property=\"og:description\" content=\"D\u00e9couvrez notre service de traduction d&#039;articles scientifiques sp\u00e9cialis\u00e9s dans le domaine m\u00e9dico-scientifique. Qualit\u00e9 garantie.\" \/>\n<meta property=\"og:url\" content=\"https:\/\/etcsciencecommunication.com\/traduccion-de-articulos-cientificos\/\" \/>\n<meta property=\"og:site_name\" content=\"ETC Science Communication\" \/>\n<meta property=\"article:modified_time\" content=\"2022-05-18T19:17:40+00:00\" \/>\n<meta name=\"twitter:card\" content=\"summary_large_image\" \/>\n<meta name=\"twitter:label1\" content=\"Dur\u00e9e de lecture estim\u00e9e\" \/>\n\t<meta name=\"twitter:data1\" content=\"6 minutes\" \/>\n<script type=\"application\/ld+json\" class=\"yoast-schema-graph\">{\"@context\":\"https:\/\/schema.org\",\"@graph\":[{\"@type\":\"WebPage\",\"@id\":\"https:\/\/etcsciencecommunication.com\/traduccion-de-articulos-cientificos\/\",\"url\":\"https:\/\/etcsciencecommunication.com\/traduccion-de-articulos-cientificos\/\",\"name\":\"Traduction d'articles scientifiques | ETC SCIENCES Communication\",\"isPartOf\":{\"@id\":\"https:\/\/etcsciencecommunication.com\/es\/#website\"},\"datePublished\":\"2022-05-12T07:18:33+00:00\",\"dateModified\":\"2022-05-18T19:17:40+00:00\",\"description\":\"D\u00e9couvrez notre service de traduction d'articles scientifiques sp\u00e9cialis\u00e9s dans le domaine m\u00e9dico-scientifique. Qualit\u00e9 garantie.\",\"breadcrumb\":{\"@id\":\"https:\/\/etcsciencecommunication.com\/traduccion-de-articulos-cientificos\/#breadcrumb\"},\"inLanguage\":\"fr-FR\",\"potentialAction\":[{\"@type\":\"ReadAction\",\"target\":[\"https:\/\/etcsciencecommunication.com\/traduccion-de-articulos-cientificos\/\"]}]},{\"@type\":\"BreadcrumbList\",\"@id\":\"https:\/\/etcsciencecommunication.com\/traduccion-de-articulos-cientificos\/#breadcrumb\",\"itemListElement\":[{\"@type\":\"ListItem\",\"position\":1,\"name\":\"Accueil\",\"item\":\"https:\/\/etcsciencecommunication.com\/fr\/\"},{\"@type\":\"ListItem\",\"position\":2,\"name\":\"Traduction d&#8217;articles scientifiques\"}]},{\"@type\":\"WebSite\",\"@id\":\"https:\/\/etcsciencecommunication.com\/es\/#website\",\"url\":\"https:\/\/etcsciencecommunication.com\/es\/\",\"name\":\"ETC Science Communication\",\"description\":\"Freelance scientific writing, editing, and translation\",\"publisher\":{\"@id\":\"https:\/\/etcsciencecommunication.com\/es\/#organization\"},\"potentialAction\":[{\"@type\":\"SearchAction\",\"target\":{\"@type\":\"EntryPoint\",\"urlTemplate\":\"https:\/\/etcsciencecommunication.com\/es\/?s={search_term_string}\"},\"query-input\":{\"@type\":\"PropertyValueSpecification\",\"valueRequired\":true,\"valueName\":\"search_term_string\"}}],\"inLanguage\":\"fr-FR\"},{\"@type\":\"Organization\",\"@id\":\"https:\/\/etcsciencecommunication.com\/es\/#organization\",\"name\":\"ETC Science Communication\",\"url\":\"https:\/\/etcsciencecommunication.com\/es\/\",\"logo\":{\"@type\":\"ImageObject\",\"inLanguage\":\"fr-FR\",\"@id\":\"https:\/\/etcsciencecommunication.com\/es\/#\/schema\/logo\/image\/\",\"url\":\"https:\/\/etcsciencecommunication.com\/wp-content\/uploads\/2020\/04\/logo-etc.png\",\"contentUrl\":\"https:\/\/etcsciencecommunication.com\/wp-content\/uploads\/2020\/04\/logo-etc.png\",\"width\":412,\"height\":24,\"caption\":\"ETC Science Communication\"},\"image\":{\"@id\":\"https:\/\/etcsciencecommunication.com\/es\/#\/schema\/logo\/image\/\"}}]}<\/script>\n<!-- \/ Yoast SEO plugin. -->","yoast_head_json":{"title":"Traduction d'articles scientifiques | ETC SCIENCES Communication","description":"D\u00e9couvrez notre service de traduction d'articles scientifiques sp\u00e9cialis\u00e9s dans le domaine m\u00e9dico-scientifique. Qualit\u00e9 garantie.","robots":{"index":"index","follow":"follow","max-snippet":"max-snippet:-1","max-image-preview":"max-image-preview:large","max-video-preview":"max-video-preview:-1"},"canonical":"https:\/\/etcsciencecommunication.com\/traduccion-de-articulos-cientificos\/","og_locale":"fr_FR","og_type":"article","og_title":"Traduction d'articles scientifiques | ETC SCIENCES Communication","og_description":"D\u00e9couvrez notre service de traduction d'articles scientifiques sp\u00e9cialis\u00e9s dans le domaine m\u00e9dico-scientifique. Qualit\u00e9 garantie.","og_url":"https:\/\/etcsciencecommunication.com\/traduccion-de-articulos-cientificos\/","og_site_name":"ETC Science Communication","article_modified_time":"2022-05-18T19:17:40+00:00","twitter_card":"summary_large_image","twitter_misc":{"Dur\u00e9e de lecture estim\u00e9e":"6 minutes"},"schema":{"@context":"https:\/\/schema.org","@graph":[{"@type":"WebPage","@id":"https:\/\/etcsciencecommunication.com\/traduccion-de-articulos-cientificos\/","url":"https:\/\/etcsciencecommunication.com\/traduccion-de-articulos-cientificos\/","name":"Traduction d'articles scientifiques | ETC SCIENCES Communication","isPartOf":{"@id":"https:\/\/etcsciencecommunication.com\/es\/#website"},"datePublished":"2022-05-12T07:18:33+00:00","dateModified":"2022-05-18T19:17:40+00:00","description":"D\u00e9couvrez notre service de traduction d'articles scientifiques sp\u00e9cialis\u00e9s dans le domaine m\u00e9dico-scientifique. Qualit\u00e9 garantie.","breadcrumb":{"@id":"https:\/\/etcsciencecommunication.com\/traduccion-de-articulos-cientificos\/#breadcrumb"},"inLanguage":"fr-FR","potentialAction":[{"@type":"ReadAction","target":["https:\/\/etcsciencecommunication.com\/traduccion-de-articulos-cientificos\/"]}]},{"@type":"BreadcrumbList","@id":"https:\/\/etcsciencecommunication.com\/traduccion-de-articulos-cientificos\/#breadcrumb","itemListElement":[{"@type":"ListItem","position":1,"name":"Accueil","item":"https:\/\/etcsciencecommunication.com\/fr\/"},{"@type":"ListItem","position":2,"name":"Traduction d&#8217;articles scientifiques"}]},{"@type":"WebSite","@id":"https:\/\/etcsciencecommunication.com\/es\/#website","url":"https:\/\/etcsciencecommunication.com\/es\/","name":"ETC Science Communication","description":"Freelance scientific writing, editing, and translation","publisher":{"@id":"https:\/\/etcsciencecommunication.com\/es\/#organization"},"potentialAction":[{"@type":"SearchAction","target":{"@type":"EntryPoint","urlTemplate":"https:\/\/etcsciencecommunication.com\/es\/?s={search_term_string}"},"query-input":{"@type":"PropertyValueSpecification","valueRequired":true,"valueName":"search_term_string"}}],"inLanguage":"fr-FR"},{"@type":"Organization","@id":"https:\/\/etcsciencecommunication.com\/es\/#organization","name":"ETC Science Communication","url":"https:\/\/etcsciencecommunication.com\/es\/","logo":{"@type":"ImageObject","inLanguage":"fr-FR","@id":"https:\/\/etcsciencecommunication.com\/es\/#\/schema\/logo\/image\/","url":"https:\/\/etcsciencecommunication.com\/wp-content\/uploads\/2020\/04\/logo-etc.png","contentUrl":"https:\/\/etcsciencecommunication.com\/wp-content\/uploads\/2020\/04\/logo-etc.png","width":412,"height":24,"caption":"ETC Science Communication"},"image":{"@id":"https:\/\/etcsciencecommunication.com\/es\/#\/schema\/logo\/image\/"}}]}},"wps_subtitle":"","_links":{"self":[{"href":"https:\/\/etcsciencecommunication.com\/fr\/wp-json\/wp\/v2\/pages\/2037","targetHints":{"allow":["GET"]}}],"collection":[{"href":"https:\/\/etcsciencecommunication.com\/fr\/wp-json\/wp\/v2\/pages"}],"about":[{"href":"https:\/\/etcsciencecommunication.com\/fr\/wp-json\/wp\/v2\/types\/page"}],"author":[{"embeddable":true,"href":"https:\/\/etcsciencecommunication.com\/fr\/wp-json\/wp\/v2\/users\/6"}],"replies":[{"embeddable":true,"href":"https:\/\/etcsciencecommunication.com\/fr\/wp-json\/wp\/v2\/comments?post=2037"}],"version-history":[{"count":14,"href":"https:\/\/etcsciencecommunication.com\/fr\/wp-json\/wp\/v2\/pages\/2037\/revisions"}],"predecessor-version":[{"id":2339,"href":"https:\/\/etcsciencecommunication.com\/fr\/wp-json\/wp\/v2\/pages\/2037\/revisions\/2339"}],"wp:attachment":[{"href":"https:\/\/etcsciencecommunication.com\/fr\/wp-json\/wp\/v2\/media?parent=2037"}],"curies":[{"name":"wp","href":"https:\/\/api.w.org\/{rel}","templated":true}]}}