{"id":2045,"date":"2022-05-12T08:24:33","date_gmt":"2022-05-12T07:24:33","guid":{"rendered":"https:\/\/etcsciencecommunication.com\/?page_id=2045"},"modified":"2022-05-19T10:16:08","modified_gmt":"2022-05-19T09:16:08","slug":"correction-article-scientifique-anglais","status":"publish","type":"page","link":"https:\/\/etcsciencecommunication.com\/fr\/correction-article-scientifique-anglais\/","title":{"rendered":"R\u00e9vision d&rsquo;articles scientifiques"},"content":{"rendered":"<div class=\"wpb-content-wrapper\"><p>[vc_row][vc_column][vc_single_image image=\u00a0\u00bb1958&Prime; img_size=\u00a0\u00bbfull\u00a0\u00bb alignment=\u00a0\u00bbcenter\u00a0\u00bb][vc_custom_heading text=\u00a0\u00bbEn quoi consiste notre service de r\u00e9vision d&rsquo;articles scientifiques?\u00a0\u00bb font_container=\u00a0\u00bbtag:h2|font_size:24|text_align:center|color:%23000000&Prime; use_theme_fonts=\u00a0\u00bbyes\u00a0\u00bb][vc_column_text]<\/p>\n<p style=\"text-align: center;\">Les publications scientifiques impliquent beaucoup de travail, beaucoup de d\u00e9vouement et beaucoup d&rsquo;efforts, dans le but d&rsquo;obtenir une publication qui offre une communication claire et une cr\u00e9dibilit\u00e9 irr\u00e9prochable.<\/p>\n<p>[\/vc_column_text][vc_column_text]<\/p>\n<p style=\"text-align: center;\">Notre <strong>service de r\u00e9vision d&rsquo;articles scientifiques<\/strong> consiste \u00e0 examiner et r\u00e9viser des textes <strong>d\u00e9j\u00e0 r\u00e9dig\u00e9s en anglais<\/strong> pour perfectionner l&rsquo;utilisation de la langue : corriger la grammaire, clarifier le vocabulaire, et fluidifier les phrases et les paragraphes tout en maintenant le sens originel du texte.<\/p>\n<p>[\/vc_column_text][vc_column_text]<\/p>\n<p style=\"text-align: center;\">Nous veillons \u00e9galement \u00e0 ce que toutes les parties du texte soient coh\u00e9rentes, et considerons des aspects de la structure. En bref, l&rsquo;objectif est de g\u00e9n\u00e9rer un texte qui semble avoir \u00e9t\u00e9 \u00e9crit par quelqu&rsquo;un dont la langue maternelle est l&rsquo;anglais, facilitant ainsi la bonne communication du message.<\/p>\n<p>[\/vc_column_text][\/vc_column][\/vc_row][vc_row full_width=\u00a0\u00bbstretch_row\u00a0\u00bb css=\u00a0\u00bb.vc_custom_1651840071246{background-color: #f2f2f2 !important;}\u00a0\u00bb][vc_column][vc_custom_heading text=\u00a0\u00bbService de r\u00e9vision en anglais\u00a0\u00bb font_container=\u00a0\u00bbtag:h2|font_size:24|text_align:center|color:%23000000&Prime; use_theme_fonts=\u00a0\u00bbyes\u00a0\u00bb][vc_column_text]<\/p>\n<p style=\"text-align: center;\">Nous proposons des services de relecture anglais article scientifique comprenant des corrections <strong>orthographiques<\/strong> et <strong>grammaticales<\/strong> de textes en anglais.<\/p>\n<p>[\/vc_column_text][\/vc_column][\/vc_row][vc_row][vc_column width=\u00a0\u00bb1\/2&Prime;][vc_single_image image=\u00a0\u00bb1961&Prime; img_size=\u00a0\u00bbfull\u00a0\u00bb onclick=\u00a0\u00bbcustom_link\u00a0\u00bb img_link_target=\u00a0\u00bb_blank\u00a0\u00bb link=\u00a0\u00bbhttps:\/\/etcsciencecommunication.com\/fr\/\u00a0\u00bb][\/vc_column][vc_column width=\u00a0\u00bb1\/2&Prime;][vc_custom_heading text=\u00a0\u00bbQuelle est l&rsquo;importance de la r\u00e9vision des textes en anglais pour les publications?\u00a0\u00bb font_container=\u00a0\u00bbtag:h2|font_size:24|text_align:center|color:%23000000&Prime; use_theme_fonts=\u00a0\u00bbyes\u00a0\u00bb][vc_column_text]<\/p>\n<p style=\"text-align: left;\">La r\u00e9vision d&rsquo;articles scientifiques, au niveau de l&rsquo;orthographe, de la grammaire, et du vocabulaire, est tr\u00e8s importante. Des revues peuvent refuser la publication d&rsquo;un article en raison de la qualit\u00e9 de l&rsquo;anglais qui y est utilis\u00e9.<\/p>\n<p>[\/vc_column_text][vc_column_text]<\/p>\n<p style=\"text-align: left;\">Si la qualit\u00e9 de l&rsquo;anglais d&rsquo;un article scientifique pr\u00e9sente quelques probl\u00eames, il peut \u00eatre difficile pour les editeurs de voir clairment les m\u00e9rites scientifiques de l&rsquo;article.<\/p>\n<p>[\/vc_column_text][vc_column_text]<\/p>\n<p style=\"text-align: left;\">De plus, lors du processus d&rsquo;<strong>examen par les pairs<\/strong>, les reviewers qui \u00e9valuant l&rsquo;article peuvent \u00eatre tr\u00e8s stricts sur la qualit\u00e9 de l&rsquo;anglais utilis\u00e9.<\/p>\n<p>[\/vc_column_text][\/vc_column][\/vc_row][vc_row][vc_column][vc_column_text]Cela peut g\u00e9n\u00e9rer une opinion n\u00e9gative de l&rsquo;article. Pour cette raison, avoir un <strong>texte en anglais impeccable<\/strong> peut acc\u00e9l\u00e9rer l&rsquo;\u00e9valuation et la publication d&rsquo;un article scientifique.[\/vc_column_text][\/vc_column][\/vc_row][vc_row full_width=\u00a0\u00bbstretch_row\u00a0\u00bb css=\u00a0\u00bb.vc_custom_1651842212832{background-color: #ff9800 !important;}\u00a0\u00bb][vc_column width=\u00a0\u00bb1\/2&Prime;][vc_column_text]<\/p>\n<p style=\"text-align: right;\"><strong>JE VEUX PLUS D&rsquo;INFORMATIONS<\/strong><\/p>\n<p style=\"text-align: right;\">Nous vous r\u00e9pondrons dans les plus brefs d\u00e9lais<\/p>\n<p>[\/vc_column_text][\/vc_column][vc_column width=\u00a0\u00bb1\/2&Prime;][vc_btn title=\u00a0\u00bbCONTACTEZ-NOUS\u00a0\u00bb color=\u00a0\u00bbblack\u00a0\u00bb size=\u00a0\u00bblg\u00a0\u00bb link=\u00a0\u00bburl:https%3A%2F%2Fetcsciencecommunication.com%2Fes%2Fcontacto%2F|title:Contact|target:_blank|\u00a0\u00bb][\/vc_column][\/vc_row][vc_row][vc_column width=\u00a0\u00bb1\/2&Prime;][vc_custom_heading text=\u00a0\u00bbService de correcteur texte anglais\u00a0\u00bb font_container=\u00a0\u00bbtag:h2|font_size:24|text_align:left|color:%23000000&Prime; use_theme_fonts=\u00a0\u00bbyes\u00a0\u00bb][vc_column_text]Notre service de r\u00e9vision d&rsquo;articles scientifiques est inclus dans notre service de traduction.[\/vc_column_text][vc_column_text]Mais, on trouve des chercheurs qui pr\u00e9f\u00e8rent \u00e9crire leurs propres articles en anglais. C&rsquo;est pourquoi nous vous proposons ce service exclusif de r\u00e9vision, qui n&rsquo;inclut pas la traduction, et qui vous aidera \u00e0 optimiser vos articles scientifiques pour une publication rapide et efficace.[\/vc_column_text][vc_column_text]Notre service de r\u00e9vision d&rsquo;articles scientifiques s&rsquo;appuie sur notre longue exp\u00e9rience de recherche en laboratoire, de r\u00e9daction et d&rsquo;\u00e9dition scientifique, qui garantissent la qualit\u00e9 de la relecture.[\/vc_column_text][\/vc_column][vc_column width=\u00a0\u00bb1\/2&Prime;][vc_single_image image=\u00a0\u00bb1945&Prime; img_size=\u00a0\u00bbfull\u00a0\u00bb][\/vc_column][\/vc_row][vc_row full_width=\u00a0\u00bbstretch_row\u00a0\u00bb css=\u00a0\u00bb.vc_custom_1652088410540{background-color: #000000 !important;}\u00a0\u00bb][vc_column width=\u00a0\u00bb1\/2&Prime;][vc_column_text]<\/p>\n<h4 class=\"vc_custom_heading\" style=\"text-align: center;\"><span style=\"color: #ffffff;\">Vous souhaitez tester la qualit\u00e9 de nos services avec une ESSAI DE TRADUCTION GRATUIT? Demandez-le ici. Pour les textes scientifiques jusqu&rsquo;\u00e0 250 mots.<\/span><\/h4>\n<p>[\/vc_column_text][\/vc_column][vc_column width=\u00a0\u00bb1\/2&Prime;][vc_empty_space][vc_btn title=\u00a0\u00bbJE VEUX ESSAYER LE SERVICE\u00a0\u00bb color=\u00a0\u00bbwarning\u00a0\u00bb size=\u00a0\u00bblg\u00a0\u00bb align=\u00a0\u00bbcenter\u00a0\u00bb button_block=\u00a0\u00bbtrue\u00a0\u00bb link=\u00a0\u00bburl:https%3A%2F%2Fetcsciencecommunication.com%2Fes%2Ftraduccion-de-articulos-cientificos%2F|title:Traduction%20d%27articles%20scientifiques|target:_blank|\u00a0\u00bb][\/vc_column][\/vc_row][vc_row full_width=\u00a0\u00bbstretch_row\u00a0\u00bb css=\u00a0\u00bb.vc_custom_1652088922290{background-color: #f2f2f2 !important;}\u00a0\u00bb][vc_column][vc_text_separator title=\u00a0\u00bbQue comprend notre service de r\u00e9vision d&rsquo;articles scientifiques?\u00a0\u00bb color=\u00a0\u00bbblack\u00a0\u00bb][vc_column_text]<\/p>\n<ul>\n<li>Orthographe<\/li>\n<li>Vocabulaire<\/li>\n<li>Grammaire<\/li>\n<li>Ponctuation et capitalisation<\/li>\n<li>La structure des phrases<\/li>\n<li>La fluidit\u00e9 du texte<\/li>\n<\/ul>\n<p>[\/vc_column_text][vc_text_separator title=\u00a0\u00bbCe qui n&rsquo;est PAS inclus dans notre service de correction article scientifique anglais\u00a0\u00bb color=\u00a0\u00bbblack\u00a0\u00bb][vc_column_text]<\/p>\n<ul>\n<li>\u00c9crire de nouveau texte<\/li>\n<li>Cr\u00e9er des figures ou des tableaux<\/li>\n<li>Corriger le format de la liste de r\u00e9f\u00e9rences<\/li>\n<\/ul>\n<p>[\/vc_column_text][\/vc_column][\/vc_row][vc_row full_width=\u00a0\u00bbstretch_row\u00a0\u00bb css=\u00a0\u00bb.vc_custom_1651842212832{background-color: #ff9800 !important;}\u00a0\u00bb][vc_column width=\u00a0\u00bb1\/2&Prime;][vc_column_text]<\/p>\n<p style=\"text-align: right;\"><strong>JE VEUX PLUS D&rsquo;INFORMATIONS<\/strong><\/p>\n<p style=\"text-align: right;\">Nous vous r\u00e9pondrons dans les plus brefs d\u00e9lais<\/p>\n<p>[\/vc_column_text][\/vc_column][vc_column width=\u00a0\u00bb1\/2&Prime;][vc_btn title=\u00a0\u00bbCONTACTEZ-NOUS\u00a0\u00bb color=\u00a0\u00bbblack\u00a0\u00bb size=\u00a0\u00bblg\u00a0\u00bb link=\u00a0\u00bburl:https%3A%2F%2Fetcsciencecommunication.com%2Fes%2Fcontacto%2F|title:Contact|target:_blank|\u00a0\u00bb][\/vc_column][\/vc_row][vc_row full_width=\u00a0\u00bbstretch_row_content\u00a0\u00bb css=\u00a0\u00bb.vc_custom_1652089896282{background-color: #000000 !important;}\u00a0\u00bb][vc_column width=\u00a0\u00bb1\/3&Prime;][vc_single_image image=\u00a0\u00bb1507&Prime; alignment=\u00a0\u00bbcenter\u00a0\u00bb][\/vc_column][vc_column width=\u00a0\u00bb1\/3&Prime;][vc_column_text]<\/p>\n<h4><\/h4>\n<h4 style=\"text-align: center;\"><a href=\"https:\/\/etcsciencecommunication.com\/fr\/contact\/\" target=\"_blank\" rel=\"noopener\"><span style=\"color: #ffffff;\">\u00c0 PROPOS<\/span><\/a><\/h4>\n<p style=\"text-align: center;\"><span style=\"color: #ffffff;\">Nous sommes une <strong>entreprise de traduction de textes scientifiques.<\/strong> Nous prenons soin des d\u00e9tails pour offrir un travail de la <strong>plus haute qualit\u00e9.<\/strong><\/span><\/p>\n<p>[\/vc_column_text][\/vc_column][vc_column width=\u00a0\u00bb1\/3&Prime;][vc_column_text]<\/p>\n<h4><\/h4>\n<h4 style=\"text-align: center;\"><span style=\"color: #ffffff;\">CONTACT<\/span><\/h4>\n<p style=\"text-align: center;\"><span style=\"color: #ffffff;\">e&#109;&#105;&#x6c;&#x79;&#x40;e&#116;&#99;&#x73;&#x63;&#x69;en&#99;&#x65;&#x63;&#x6f;mm&#117;&#110;&#x69;&#x63;&#x61;t&#105;&#111;&#x6e;&#x2e;&#x63;o&#109;<\/span><\/p>\n<p>[\/vc_column_text][\/vc_column][\/vc_row]<\/p>\n<\/div>","protected":false},"excerpt":{"rendered":"<p>[vc_row][vc_column][vc_single_image image=\u00a0\u00bb1958&Prime; img_size=\u00a0\u00bbfull\u00a0\u00bb alignment=\u00a0\u00bbcenter\u00a0\u00bb][vc_custom_heading text=\u00a0\u00bbEn quoi consiste notre service de r\u00e9vision d&rsquo;articles scientifiques?\u00a0\u00bb font_container=\u00a0\u00bbtag:h2|font_size:24|text_align:center|color:%23000000&Prime; use_theme_fonts=\u00a0\u00bbyes\u00a0\u00bb][vc_column_text] Les publications scientifiques impliquent beaucoup de travail, beaucoup de d\u00e9vouement et beaucoup d&rsquo;efforts, dans le but d&rsquo;obtenir une publication qui offre une communication claire et une cr\u00e9dibilit\u00e9 irr\u00e9prochable. [\/vc_column_text][vc_column_text] Notre service de r\u00e9vision d&rsquo;articles scientifiques consiste \u00e0 examiner et r\u00e9viser &hellip; <\/p>\n<p class=\"link-more\"><a href=\"https:\/\/etcsciencecommunication.com\/fr\/correction-article-scientifique-anglais\/\" class=\"more-link\">Continuer la lecture<span class=\"screen-reader-text\"> de &laquo;&nbsp;R\u00e9vision d&rsquo;articles scientifiques&nbsp;&raquo;<\/span><\/a><\/p>\n","protected":false},"author":6,"featured_media":0,"parent":0,"menu_order":0,"comment_status":"closed","ping_status":"closed","template":"","meta":{"footnotes":""},"class_list":["post-2045","page","type-page","status-publish","hentry"],"yoast_head":"<!-- This site is optimized with the Yoast SEO plugin v26.9 - https:\/\/yoast.com\/product\/yoast-seo-wordpress\/ -->\n<title>R\u00e9vision d&#039;articles scientifiques | Agence de traduction et de relecture<\/title>\n<meta name=\"description\" content=\"Vous avez besoin d&#039;une r\u00e9vision d&#039;articles scientifiques pour des publications dans des revues sp\u00e9cialis\u00e9es? en savoir plus ici\" \/>\n<meta name=\"robots\" content=\"index, follow, max-snippet:-1, max-image-preview:large, max-video-preview:-1\" \/>\n<link rel=\"canonical\" href=\"https:\/\/etcsciencecommunication.com\/fr\/correction-article-scientifique-anglais\/\" \/>\n<meta property=\"og:locale\" content=\"fr_FR\" \/>\n<meta property=\"og:type\" content=\"article\" \/>\n<meta property=\"og:title\" content=\"R\u00e9vision d&#039;articles scientifiques | Agence de traduction et de relecture\" \/>\n<meta property=\"og:description\" content=\"Vous avez besoin d&#039;une r\u00e9vision d&#039;articles scientifiques pour des publications dans des revues sp\u00e9cialis\u00e9es? en savoir plus ici\" \/>\n<meta property=\"og:url\" content=\"https:\/\/etcsciencecommunication.com\/fr\/correction-article-scientifique-anglais\/\" \/>\n<meta property=\"og:site_name\" content=\"ETC Science Communication\" \/>\n<meta property=\"article:modified_time\" content=\"2022-05-19T09:16:08+00:00\" \/>\n<meta name=\"twitter:card\" content=\"summary_large_image\" \/>\n<meta name=\"twitter:label1\" content=\"Dur\u00e9e de lecture estim\u00e9e\" \/>\n\t<meta name=\"twitter:data1\" content=\"3 minutes\" \/>\n<script type=\"application\/ld+json\" class=\"yoast-schema-graph\">{\"@context\":\"https:\/\/schema.org\",\"@graph\":[{\"@type\":\"WebPage\",\"@id\":\"https:\/\/etcsciencecommunication.com\/fr\/correction-article-scientifique-anglais\/\",\"url\":\"https:\/\/etcsciencecommunication.com\/fr\/correction-article-scientifique-anglais\/\",\"name\":\"R\u00e9vision d'articles scientifiques | Agence de traduction et de relecture\",\"isPartOf\":{\"@id\":\"https:\/\/etcsciencecommunication.com\/es\/#website\"},\"datePublished\":\"2022-05-12T07:24:33+00:00\",\"dateModified\":\"2022-05-19T09:16:08+00:00\",\"description\":\"Vous avez besoin d'une r\u00e9vision d'articles scientifiques pour des publications dans des revues sp\u00e9cialis\u00e9es? en savoir plus ici\",\"breadcrumb\":{\"@id\":\"https:\/\/etcsciencecommunication.com\/fr\/correction-article-scientifique-anglais\/#breadcrumb\"},\"inLanguage\":\"fr-FR\",\"potentialAction\":[{\"@type\":\"ReadAction\",\"target\":[\"https:\/\/etcsciencecommunication.com\/fr\/correction-article-scientifique-anglais\/\"]}]},{\"@type\":\"BreadcrumbList\",\"@id\":\"https:\/\/etcsciencecommunication.com\/fr\/correction-article-scientifique-anglais\/#breadcrumb\",\"itemListElement\":[{\"@type\":\"ListItem\",\"position\":1,\"name\":\"Accueil\",\"item\":\"https:\/\/etcsciencecommunication.com\/fr\/\"},{\"@type\":\"ListItem\",\"position\":2,\"name\":\"R\u00e9vision d&#8217;articles scientifiques\"}]},{\"@type\":\"WebSite\",\"@id\":\"https:\/\/etcsciencecommunication.com\/es\/#website\",\"url\":\"https:\/\/etcsciencecommunication.com\/es\/\",\"name\":\"ETC Science Communication\",\"description\":\"Freelance scientific writing, editing, and translation\",\"publisher\":{\"@id\":\"https:\/\/etcsciencecommunication.com\/es\/#organization\"},\"potentialAction\":[{\"@type\":\"SearchAction\",\"target\":{\"@type\":\"EntryPoint\",\"urlTemplate\":\"https:\/\/etcsciencecommunication.com\/es\/?s={search_term_string}\"},\"query-input\":{\"@type\":\"PropertyValueSpecification\",\"valueRequired\":true,\"valueName\":\"search_term_string\"}}],\"inLanguage\":\"fr-FR\"},{\"@type\":\"Organization\",\"@id\":\"https:\/\/etcsciencecommunication.com\/es\/#organization\",\"name\":\"ETC Science Communication\",\"url\":\"https:\/\/etcsciencecommunication.com\/es\/\",\"logo\":{\"@type\":\"ImageObject\",\"inLanguage\":\"fr-FR\",\"@id\":\"https:\/\/etcsciencecommunication.com\/es\/#\/schema\/logo\/image\/\",\"url\":\"https:\/\/etcsciencecommunication.com\/wp-content\/uploads\/2020\/04\/logo-etc.png\",\"contentUrl\":\"https:\/\/etcsciencecommunication.com\/wp-content\/uploads\/2020\/04\/logo-etc.png\",\"width\":412,\"height\":24,\"caption\":\"ETC Science Communication\"},\"image\":{\"@id\":\"https:\/\/etcsciencecommunication.com\/es\/#\/schema\/logo\/image\/\"}}]}<\/script>\n<!-- \/ Yoast SEO plugin. -->","yoast_head_json":{"title":"R\u00e9vision d'articles scientifiques | Agence de traduction et de relecture","description":"Vous avez besoin d'une r\u00e9vision d'articles scientifiques pour des publications dans des revues sp\u00e9cialis\u00e9es? en savoir plus ici","robots":{"index":"index","follow":"follow","max-snippet":"max-snippet:-1","max-image-preview":"max-image-preview:large","max-video-preview":"max-video-preview:-1"},"canonical":"https:\/\/etcsciencecommunication.com\/fr\/correction-article-scientifique-anglais\/","og_locale":"fr_FR","og_type":"article","og_title":"R\u00e9vision d'articles scientifiques | Agence de traduction et de relecture","og_description":"Vous avez besoin d'une r\u00e9vision d'articles scientifiques pour des publications dans des revues sp\u00e9cialis\u00e9es? en savoir plus ici","og_url":"https:\/\/etcsciencecommunication.com\/fr\/correction-article-scientifique-anglais\/","og_site_name":"ETC Science Communication","article_modified_time":"2022-05-19T09:16:08+00:00","twitter_card":"summary_large_image","twitter_misc":{"Dur\u00e9e de lecture estim\u00e9e":"3 minutes"},"schema":{"@context":"https:\/\/schema.org","@graph":[{"@type":"WebPage","@id":"https:\/\/etcsciencecommunication.com\/fr\/correction-article-scientifique-anglais\/","url":"https:\/\/etcsciencecommunication.com\/fr\/correction-article-scientifique-anglais\/","name":"R\u00e9vision d'articles scientifiques | Agence de traduction et de relecture","isPartOf":{"@id":"https:\/\/etcsciencecommunication.com\/es\/#website"},"datePublished":"2022-05-12T07:24:33+00:00","dateModified":"2022-05-19T09:16:08+00:00","description":"Vous avez besoin d'une r\u00e9vision d'articles scientifiques pour des publications dans des revues sp\u00e9cialis\u00e9es? en savoir plus ici","breadcrumb":{"@id":"https:\/\/etcsciencecommunication.com\/fr\/correction-article-scientifique-anglais\/#breadcrumb"},"inLanguage":"fr-FR","potentialAction":[{"@type":"ReadAction","target":["https:\/\/etcsciencecommunication.com\/fr\/correction-article-scientifique-anglais\/"]}]},{"@type":"BreadcrumbList","@id":"https:\/\/etcsciencecommunication.com\/fr\/correction-article-scientifique-anglais\/#breadcrumb","itemListElement":[{"@type":"ListItem","position":1,"name":"Accueil","item":"https:\/\/etcsciencecommunication.com\/fr\/"},{"@type":"ListItem","position":2,"name":"R\u00e9vision d&#8217;articles scientifiques"}]},{"@type":"WebSite","@id":"https:\/\/etcsciencecommunication.com\/es\/#website","url":"https:\/\/etcsciencecommunication.com\/es\/","name":"ETC Science Communication","description":"Freelance scientific writing, editing, and translation","publisher":{"@id":"https:\/\/etcsciencecommunication.com\/es\/#organization"},"potentialAction":[{"@type":"SearchAction","target":{"@type":"EntryPoint","urlTemplate":"https:\/\/etcsciencecommunication.com\/es\/?s={search_term_string}"},"query-input":{"@type":"PropertyValueSpecification","valueRequired":true,"valueName":"search_term_string"}}],"inLanguage":"fr-FR"},{"@type":"Organization","@id":"https:\/\/etcsciencecommunication.com\/es\/#organization","name":"ETC Science Communication","url":"https:\/\/etcsciencecommunication.com\/es\/","logo":{"@type":"ImageObject","inLanguage":"fr-FR","@id":"https:\/\/etcsciencecommunication.com\/es\/#\/schema\/logo\/image\/","url":"https:\/\/etcsciencecommunication.com\/wp-content\/uploads\/2020\/04\/logo-etc.png","contentUrl":"https:\/\/etcsciencecommunication.com\/wp-content\/uploads\/2020\/04\/logo-etc.png","width":412,"height":24,"caption":"ETC Science Communication"},"image":{"@id":"https:\/\/etcsciencecommunication.com\/es\/#\/schema\/logo\/image\/"}}]}},"wps_subtitle":"","_links":{"self":[{"href":"https:\/\/etcsciencecommunication.com\/fr\/wp-json\/wp\/v2\/pages\/2045","targetHints":{"allow":["GET"]}}],"collection":[{"href":"https:\/\/etcsciencecommunication.com\/fr\/wp-json\/wp\/v2\/pages"}],"about":[{"href":"https:\/\/etcsciencecommunication.com\/fr\/wp-json\/wp\/v2\/types\/page"}],"author":[{"embeddable":true,"href":"https:\/\/etcsciencecommunication.com\/fr\/wp-json\/wp\/v2\/users\/6"}],"replies":[{"embeddable":true,"href":"https:\/\/etcsciencecommunication.com\/fr\/wp-json\/wp\/v2\/comments?post=2045"}],"version-history":[{"count":15,"href":"https:\/\/etcsciencecommunication.com\/fr\/wp-json\/wp\/v2\/pages\/2045\/revisions"}],"predecessor-version":[{"id":2345,"href":"https:\/\/etcsciencecommunication.com\/fr\/wp-json\/wp\/v2\/pages\/2045\/revisions\/2345"}],"wp:attachment":[{"href":"https:\/\/etcsciencecommunication.com\/fr\/wp-json\/wp\/v2\/media?parent=2045"}],"curies":[{"name":"wp","href":"https:\/\/api.w.org\/{rel}","templated":true}]}}